{"id":355,"date":"2023-10-18T09:40:30","date_gmt":"2023-10-18T09:40:30","guid":{"rendered":"https:\/\/socialsgrade.com\/es\/?page_id=355"},"modified":"2023-11-23T11:29:34","modified_gmt":"2023-11-23T11:29:34","slug":"sobre-nosotros","status":"publish","type":"page","link":"https:\/\/socialsgrade.com\/es\/sobre-nosotros\/","title":{"rendered":"Sobre Nosotros"},"content":{"rendered":"\n<h2 class=\"wp-block-heading\">B\u00e1rbara Albacete: Estratega de medios sociales<\/h2>\n\n\n\n<div class=\"wp-block-group is-layout-constrained wp-block-group-is-layout-constrained\">\n<div class=\"wp-block-columns is-layout-flex wp-container-6 wp-block-columns-is-layout-flex\">\n<div class=\"wp-block-column is-layout-flow wp-block-column-is-layout-flow\" style=\"flex-basis:100%\">\n<div class=\"wp-block-group is-layout-constrained wp-block-group-is-layout-constrained\">\n<div class=\"wp-block-columns is-layout-flex wp-container-2 wp-block-columns-is-layout-flex\">\n<div class=\"wp-block-column is-layout-flow wp-block-column-is-layout-flow\" style=\"flex-basis:100%\">\n<figure class=\"wp-block-image size-large\"><img decoding=\"async\" loading=\"lazy\" width=\"1024\" height=\"982\" src=\"https:\/\/socialsgrade.com\/es\/wp-content\/uploads\/2023\/11\/Barbara-Albacete-1-1024x982.jpg\" alt=\"\" class=\"wp-image-477\" srcset=\"https:\/\/socialsgrade.com\/es\/wp-content\/uploads\/2023\/11\/Barbara-Albacete-1-1024x982.jpg 1024w, https:\/\/socialsgrade.com\/es\/wp-content\/uploads\/2023\/11\/Barbara-Albacete-1-300x288.jpg 300w, https:\/\/socialsgrade.com\/es\/wp-content\/uploads\/2023\/11\/Barbara-Albacete-1-768x736.jpg 768w, https:\/\/socialsgrade.com\/es\/wp-content\/uploads\/2023\/11\/Barbara-Albacete-1-1536x1472.jpg 1536w, https:\/\/socialsgrade.com\/es\/wp-content\/uploads\/2023\/11\/Barbara-Albacete-1.jpg 2048w\" sizes=\"(max-width: 1024px) 100vw, 1024px\" \/><\/figure>\n<\/div>\n<\/div>\n<\/div>\n<\/div>\n\n\n\n<div class=\"wp-block-column is-layout-flow wp-block-column-is-layout-flow\" style=\"flex-basis:100%\">\n<p>B\u00e1rbara Albacete lidera la visi\u00f3n editorial, la estrategia y la expansi\u00f3n de SocialsGrade. Con m\u00e1s de 8 a\u00f1os en el \u00e1mbito del marketing en redes sociales, tiene un gran inter\u00e9s en promocionar marcas y perfiles personales para su clientela.<\/p>\n\n\n\n<p>B\u00e1rbara es experta en todo lo relacionado con el marketing en redes sociales y ha evaluado innumerables servicios promocionales para plataformas sociales. Inici\u00f3 este blog para orientar a los profesionales emergentes en comprender los matices del marketing en redes sociales.<\/p>\n<\/div>\n<\/div>\n<\/div>\n\n\n\n<h3 class=\"wp-block-heading\">Misi\u00f3n<\/h3>\n\n\n\n<p><em><span style=\"text-decoration: underline;\">Desvelar los secretos del \u00e9xito en las redes sociales<\/span><\/em><\/p>\n\n\n\n<p>Nuestra misi\u00f3n es sencilla: ayudar a las personas y a las marcas, ya sean grandes o peque\u00f1as, a optimizar su presencia en Internet. Creemos que el panorama digital tiene un inmenso poder para dar forma a las narrativas y construir legados. Con los conocimientos, las estrategias y las herramientas adecuadas, cualquiera puede aprovechar este potencial. Nuestro contenido pretende ser su faro, gui\u00e1ndole para que aproveche al m\u00e1ximo el poder de las redes sociales.<\/p>\n\n\n\n<h3 class=\"wp-block-heading\">Visi\u00f3n<\/h3>\n\n\n\n<p><em><span style=\"text-decoration: underline;\">Crear legados digitales, puesto a puesto<\/span><\/em><\/p>\n\n\n\n<p>En un mundo inundado de informaci\u00f3n, destacar es toda una haza\u00f1a. Nuestra visi\u00f3n es allanarle el camino en este espacio abarrotado. Queremos ser la voz l\u00edder en la promoci\u00f3n en redes sociales, no s\u00f3lo en Espa\u00f1a, sino en todo el mundo. Imaginamos una comunidad en la que todas las marcas y personas, independientemente de su punto de partida, tengan la oportunidad de dejar su huella, compartir su historia y construir su legado digital.<\/p>\n\n\n\n<h3 class=\"wp-block-heading\">Estrategia<\/h3>\n\n\n\n<p><em><span style=\"text-decoration: underline;\">Trucos, estrategias y cr\u00edticas honestas: Un enfoque triple<\/span><\/em><\/p>\n\n\n\n<p>1) Consejos pr\u00e1cticos:<\/p>\n\n\n\n<ul>\n<li>Profundiza en los entresijos de las plataformas de redes sociales.<\/li>\n\n\n\n<li>Ofrece soluciones r\u00e1pidas, atajos y t\u00e1cticas inteligentes que puedes aplicar inmediatamente.<\/li>\n<\/ul>\n\n\n\n<p>2) Estrategias:<\/p>\n\n\n\n<ul>\n<li>Profundizar en el panorama general de la promoci\u00f3n digital.<\/li>\n\n\n\n<li>Dise\u00f1e hojas de ruta completas adecuadas tanto para principiantes como para usuarios avanzados, que les permitan crecer de forma org\u00e1nica y eficaz.<\/li>\n<\/ul>\n\n\n\n<p>3) Revisiones honestas:<\/p>\n\n\n\n<ul>\n<li>Navegue por el laberinto de herramientas y servicios disponibles para la promoci\u00f3n en redes sociales.<\/li>\n\n\n\n<li>Proporcionamos an\u00e1lisis imparciales y detallados, asegur\u00e1ndonos de que invierte su tiempo y dinero sabiamente.<\/li>\n<\/ul>\n\n\n\n<p>Juntos, transformaremos su viaje por las redes sociales de un juego de azar a un camino bien definido hacia el \u00e9xito. Sum\u00e9rgete y conquistemos juntos el reino digital.<\/p>\n","protected":false},"excerpt":{"rendered":"<p>B\u00e1rbara Albacete: Estratega de medios sociales B\u00e1rbara Albacete lidera la visi\u00f3n editorial, la estrategia y la expansi\u00f3n de SocialsGrade. Con m\u00e1s de 8 a\u00f1os en el \u00e1mbito del marketing en redes sociales, tiene un gran inter\u00e9s en promocionar marcas y perfiles personales para su clientela. B\u00e1rbara es experta en todo lo relacionado con el marketing [&hellip;]<\/p>\n","protected":false},"author":3,"featured_media":0,"parent":0,"menu_order":0,"comment_status":"closed","ping_status":"closed","template":"","meta":{"footnotes":""},"acf":[],"yoast_head":"<!-- This site is optimized with the Yoast SEO plugin v21.0 - https:\/\/yoast.com\/wordpress\/plugins\/seo\/ -->\n<title>Sobre Nosotros - SocialsGrade<\/title>\n<meta name=\"description\" content=\"Domina la promoci\u00f3n en redes sociales con SocialsGrade: ofrece trucos, estrategias y rese\u00f1as de servicios imparciales. Mejora tu presencia online con los mejores expertos digitales de Espa\u00f1a.\" \/>\n<meta name=\"robots\" content=\"index, follow, max-snippet:-1, max-image-preview:large, max-video-preview:-1\" \/>\n<link rel=\"canonical\" href=\"https:\/\/socialsgrade.com\/es\/sobre-nosotros\/\" \/>\n<meta property=\"og:locale\" content=\"es_ES\" \/>\n<meta property=\"og:type\" content=\"article\" \/>\n<meta property=\"og:title\" content=\"Sobre Nosotros - SocialsGrade\" \/>\n<meta property=\"og:description\" content=\"Domina la promoci\u00f3n en redes sociales con SocialsGrade: ofrece trucos, estrategias y rese\u00f1as de servicios imparciales. Mejora tu presencia online con los mejores expertos digitales de Espa\u00f1a.\" \/>\n<meta property=\"og:url\" content=\"https:\/\/socialsgrade.com\/es\/sobre-nosotros\/\" \/>\n<meta property=\"og:site_name\" content=\"SocialsGrade\" \/>\n<meta property=\"article:modified_time\" content=\"2023-11-23T11:29:34+00:00\" \/>\n<meta property=\"og:image\" content=\"https:\/\/socialsgrade.com\/es\/wp-content\/uploads\/2023\/11\/Barbara-Albacete-1-1024x982.jpg\" \/>\n<meta name=\"twitter:card\" content=\"summary_large_image\" \/>\n<meta name=\"twitter:label1\" content=\"Est. reading time\" \/>\n\t<meta name=\"twitter:data1\" content=\"2 minutos\" \/>\n<script type=\"application\/ld+json\" class=\"yoast-schema-graph\">{\"@context\":\"https:\/\/schema.org\",\"@graph\":[{\"@type\":\"WebPage\",\"@id\":\"https:\/\/socialsgrade.com\/es\/sobre-nosotros\/\",\"url\":\"https:\/\/socialsgrade.com\/es\/sobre-nosotros\/\",\"name\":\"Sobre Nosotros - SocialsGrade\",\"isPartOf\":{\"@id\":\"https:\/\/socialsgrade.com\/es\/#website\"},\"datePublished\":\"2023-10-18T09:40:30+00:00\",\"dateModified\":\"2023-11-23T11:29:34+00:00\",\"description\":\"Domina la promoci\u00f3n en redes sociales con SocialsGrade: ofrece trucos, estrategias y rese\u00f1as de servicios imparciales. Mejora tu presencia online con los mejores expertos digitales de Espa\u00f1a.\",\"breadcrumb\":{\"@id\":\"https:\/\/socialsgrade.com\/es\/sobre-nosotros\/#breadcrumb\"},\"inLanguage\":\"es\",\"potentialAction\":[{\"@type\":\"ReadAction\",\"target\":[\"https:\/\/socialsgrade.com\/es\/sobre-nosotros\/\"]}]},{\"@type\":\"BreadcrumbList\",\"@id\":\"https:\/\/socialsgrade.com\/es\/sobre-nosotros\/#breadcrumb\",\"itemListElement\":[{\"@type\":\"ListItem\",\"position\":1,\"name\":\"Home\",\"item\":\"https:\/\/socialsgrade.com\/es\/\"},{\"@type\":\"ListItem\",\"position\":2,\"name\":\"Sobre Nosotros\"}]},{\"@type\":\"WebSite\",\"@id\":\"https:\/\/socialsgrade.com\/es\/#website\",\"url\":\"https:\/\/socialsgrade.com\/es\/\",\"name\":\"SocialsGrade\",\"description\":\"\",\"publisher\":{\"@id\":\"https:\/\/socialsgrade.com\/es\/#organization\"},\"potentialAction\":[{\"@type\":\"SearchAction\",\"target\":{\"@type\":\"EntryPoint\",\"urlTemplate\":\"https:\/\/socialsgrade.com\/es\/?s={search_term_string}\"},\"query-input\":\"required name=search_term_string\"}],\"inLanguage\":\"es\"},{\"@type\":\"Organization\",\"@id\":\"https:\/\/socialsgrade.com\/es\/#organization\",\"name\":\"SocialsGrade\",\"url\":\"https:\/\/socialsgrade.com\/es\/\",\"logo\":{\"@type\":\"ImageObject\",\"inLanguage\":\"es\",\"@id\":\"https:\/\/socialsgrade.com\/es\/#\/schema\/logo\/image\/\",\"url\":\"https:\/\/socialsgrade.com\/es\/wp-content\/uploads\/2023\/09\/2023-09-04-16.00.54.png\",\"contentUrl\":\"https:\/\/socialsgrade.com\/es\/wp-content\/uploads\/2023\/09\/2023-09-04-16.00.54.png\",\"width\":1000,\"height\":237,\"caption\":\"SocialsGrade\"},\"image\":{\"@id\":\"https:\/\/socialsgrade.com\/es\/#\/schema\/logo\/image\/\"}}]}<\/script>\n<!-- \/ Yoast SEO plugin. -->","yoast_head_json":{"title":"Sobre Nosotros - SocialsGrade","description":"Domina la promoci\u00f3n en redes sociales con SocialsGrade: ofrece trucos, estrategias y rese\u00f1as de servicios imparciales. Mejora tu presencia online con los mejores expertos digitales de Espa\u00f1a.","robots":{"index":"index","follow":"follow","max-snippet":"max-snippet:-1","max-image-preview":"max-image-preview:large","max-video-preview":"max-video-preview:-1"},"canonical":"https:\/\/socialsgrade.com\/es\/sobre-nosotros\/","og_locale":"es_ES","og_type":"article","og_title":"Sobre Nosotros - SocialsGrade","og_description":"Domina la promoci\u00f3n en redes sociales con SocialsGrade: ofrece trucos, estrategias y rese\u00f1as de servicios imparciales. Mejora tu presencia online con los mejores expertos digitales de Espa\u00f1a.","og_url":"https:\/\/socialsgrade.com\/es\/sobre-nosotros\/","og_site_name":"SocialsGrade","article_modified_time":"2023-11-23T11:29:34+00:00","og_image":[{"url":"https:\/\/socialsgrade.com\/es\/wp-content\/uploads\/2023\/11\/Barbara-Albacete-1-1024x982.jpg"}],"twitter_card":"summary_large_image","twitter_misc":{"Est. reading time":"2 minutos"},"schema":{"@context":"https:\/\/schema.org","@graph":[{"@type":"WebPage","@id":"https:\/\/socialsgrade.com\/es\/sobre-nosotros\/","url":"https:\/\/socialsgrade.com\/es\/sobre-nosotros\/","name":"Sobre Nosotros - SocialsGrade","isPartOf":{"@id":"https:\/\/socialsgrade.com\/es\/#website"},"datePublished":"2023-10-18T09:40:30+00:00","dateModified":"2023-11-23T11:29:34+00:00","description":"Domina la promoci\u00f3n en redes sociales con SocialsGrade: ofrece trucos, estrategias y rese\u00f1as de servicios imparciales. Mejora tu presencia online con los mejores expertos digitales de Espa\u00f1a.","breadcrumb":{"@id":"https:\/\/socialsgrade.com\/es\/sobre-nosotros\/#breadcrumb"},"inLanguage":"es","potentialAction":[{"@type":"ReadAction","target":["https:\/\/socialsgrade.com\/es\/sobre-nosotros\/"]}]},{"@type":"BreadcrumbList","@id":"https:\/\/socialsgrade.com\/es\/sobre-nosotros\/#breadcrumb","itemListElement":[{"@type":"ListItem","position":1,"name":"Home","item":"https:\/\/socialsgrade.com\/es\/"},{"@type":"ListItem","position":2,"name":"Sobre Nosotros"}]},{"@type":"WebSite","@id":"https:\/\/socialsgrade.com\/es\/#website","url":"https:\/\/socialsgrade.com\/es\/","name":"SocialsGrade","description":"","publisher":{"@id":"https:\/\/socialsgrade.com\/es\/#organization"},"potentialAction":[{"@type":"SearchAction","target":{"@type":"EntryPoint","urlTemplate":"https:\/\/socialsgrade.com\/es\/?s={search_term_string}"},"query-input":"required name=search_term_string"}],"inLanguage":"es"},{"@type":"Organization","@id":"https:\/\/socialsgrade.com\/es\/#organization","name":"SocialsGrade","url":"https:\/\/socialsgrade.com\/es\/","logo":{"@type":"ImageObject","inLanguage":"es","@id":"https:\/\/socialsgrade.com\/es\/#\/schema\/logo\/image\/","url":"https:\/\/socialsgrade.com\/es\/wp-content\/uploads\/2023\/09\/2023-09-04-16.00.54.png","contentUrl":"https:\/\/socialsgrade.com\/es\/wp-content\/uploads\/2023\/09\/2023-09-04-16.00.54.png","width":1000,"height":237,"caption":"SocialsGrade"},"image":{"@id":"https:\/\/socialsgrade.com\/es\/#\/schema\/logo\/image\/"}}]}},"_links":{"self":[{"href":"https:\/\/socialsgrade.com\/es\/wp-json\/wp\/v2\/pages\/355"}],"collection":[{"href":"https:\/\/socialsgrade.com\/es\/wp-json\/wp\/v2\/pages"}],"about":[{"href":"https:\/\/socialsgrade.com\/es\/wp-json\/wp\/v2\/types\/page"}],"author":[{"embeddable":true,"href":"https:\/\/socialsgrade.com\/es\/wp-json\/wp\/v2\/users\/3"}],"replies":[{"embeddable":true,"href":"https:\/\/socialsgrade.com\/es\/wp-json\/wp\/v2\/comments?post=355"}],"version-history":[{"count":7,"href":"https:\/\/socialsgrade.com\/es\/wp-json\/wp\/v2\/pages\/355\/revisions"}],"predecessor-version":[{"id":487,"href":"https:\/\/socialsgrade.com\/es\/wp-json\/wp\/v2\/pages\/355\/revisions\/487"}],"wp:attachment":[{"href":"https:\/\/socialsgrade.com\/es\/wp-json\/wp\/v2\/media?parent=355"}],"curies":[{"name":"wp","href":"https:\/\/api.w.org\/{rel}","templated":true}]}}