{"id":355,"date":"2023-10-18T09:40:30","date_gmt":"2023-10-18T09:40:30","guid":{"rendered":"https:\/\/socialsgrade.com\/br\/?page_id=355"},"modified":"2023-12-14T11:00:27","modified_gmt":"2023-12-14T11:00:27","slug":"sobre-nos","status":"publish","type":"page","link":"https:\/\/socialsgrade.com\/br\/sobre-nos\/","title":{"rendered":"Sobre n\u00f3s"},"content":{"rendered":"\n<h2 class=\"wp-block-heading\">Jonas Leal Esp\u00edndola: Estrategista de m\u00eddia social<\/h2>\n\n\n\n<div class=\"wp-block-columns is-layout-flex wp-container-9 wp-block-columns-is-layout-flex\">\n<div class=\"wp-block-column is-layout-flow wp-block-column-is-layout-flow\" style=\"flex-basis:100%\">\n<div class=\"wp-block-columns is-layout-flex wp-container-7 wp-block-columns-is-layout-flex\">\n<div class=\"wp-block-column is-layout-flow wp-block-column-is-layout-flow\" style=\"flex-basis:100%\">\n<div class=\"wp-block-columns is-layout-flex wp-container-5 wp-block-columns-is-layout-flex\">\n<div class=\"wp-block-column is-layout-flow wp-block-column-is-layout-flow\" style=\"flex-basis:100%\">\n<div class=\"wp-block-columns is-layout-flex wp-container-3 wp-block-columns-is-layout-flex\">\n<div class=\"wp-block-column is-vertically-aligned-center is-layout-flow wp-block-column-is-layout-flow\">\n<figure class=\"wp-block-image size-large\"><img decoding=\"async\" loading=\"lazy\" width=\"1024\" height=\"983\" src=\"https:\/\/socialsgrade.com\/br\/wp-content\/uploads\/2023\/11\/Jonas-Leal-Espindola-1024x983.jpg\" alt=\"Jonas Leal Esp\u00edndola\" class=\"wp-image-584\" srcset=\"https:\/\/socialsgrade.com\/br\/wp-content\/uploads\/2023\/11\/Jonas-Leal-Espindola-1024x983.jpg 1024w, https:\/\/socialsgrade.com\/br\/wp-content\/uploads\/2023\/11\/Jonas-Leal-Espindola-300x288.jpg 300w, https:\/\/socialsgrade.com\/br\/wp-content\/uploads\/2023\/11\/Jonas-Leal-Espindola-768x737.jpg 768w, https:\/\/socialsgrade.com\/br\/wp-content\/uploads\/2023\/11\/Jonas-Leal-Espindola-1536x1474.jpg 1536w, https:\/\/socialsgrade.com\/br\/wp-content\/uploads\/2023\/11\/Jonas-Leal-Espindola.jpg 2048w\" sizes=\"(max-width: 1024px) 100vw, 1024px\" \/><\/figure>\n<\/div>\n\n\n\n<div class=\"wp-block-column is-vertically-aligned-center is-layout-flow wp-block-column-is-layout-flow\">\n<p>Ol\u00e1! Sou Jonas Leal Esp\u00edndola, um estrategista de m\u00eddia social com mais de seis anos de experi\u00eancia em marketing de m\u00eddia social. Minha paix\u00e3o est\u00e1 na elabora\u00e7\u00e3o de campanhas envolventes e na condu\u00e7\u00e3o de hist\u00f3rias de marcas no mundo digital. Com um olhar atento \u00e0s tend\u00eancias e \u00e0 din\u00e2mica do p\u00fablico, ajudei diversas marcas a fortalecer sua presen\u00e7a on-line e a se conectar de forma significativa com seu p\u00fablico.<\/p>\n\n\n\n<p>Equilibrando criatividade com estrat\u00e9gias orientadas por dados, meu foco \u00e9 fornecer resultados impactantes e mensur\u00e1veis.<\/p>\n<\/div>\n<\/div>\n<\/div>\n<\/div>\n<\/div>\n<\/div>\n<\/div>\n<\/div>\n\n\n\n<h3 class=\"wp-block-heading\">Miss\u00e3o<\/h3>\n\n\n\n<p>Na SocialsGrade, nossa miss\u00e3o \u00e9 capacitar empresas e criadores individuais com o conhecimento e as ferramentas de que precisam para prosperar nas m\u00eddias sociais. Entendemos que o cen\u00e1rio digital est\u00e1 em constante evolu\u00e7\u00e3o e nosso objetivo \u00e9 fornecer orienta\u00e7\u00e3o pr\u00e1tica e atualizada sobre como promover e aumentar sua presen\u00e7a em plataformas como Instagram, YouTube e TikTok.<\/p>\n\n\n\n<h3 class=\"wp-block-heading\">Vis\u00e3o<\/h3>\n\n\n\n<p>Nossa vis\u00e3o \u00e9 nos tornarmos um recurso l\u00edder em marketing de m\u00eddia social, oferecendo percep\u00e7\u00f5es e estrat\u00e9gias acess\u00edveis a todos, desde propriet\u00e1rios de pequenas empresas at\u00e9 aspirantes a influenciadores de m\u00eddia social. Nosso objetivo \u00e9 desmistificar o mundo do marketing digital, facilitando aos nossos leitores a compreens\u00e3o e a implementa\u00e7\u00e3o de estrat\u00e9gias que produzam resultados reais.<\/p>\n\n\n\n<h3 class=\"wp-block-heading\">Estrat\u00e9gia<\/h3>\n\n\n\n<p><em><span style=\"text-decoration: underline;\">Nossa estrat\u00e9gia gira em torno de tr\u00eas pilares principais:<\/span><\/em><\/p>\n\n\n\n<p><strong>Educa\u00e7\u00e3o: <\/strong>Oferecer artigos e guias abrangentes e f\u00e1ceis de entender sobre v\u00e1rios aspectos do marketing de m\u00eddia social, desde a cria\u00e7\u00e3o de um canal no YouTube at\u00e9 a promo\u00e7\u00e3o eficaz de um neg\u00f3cio no Instagram.<\/p>\n\n\n\n<p><strong>Envolvimento:<\/strong> Manter nossos leitores envolvidos com as \u00faltimas tend\u00eancias e atualiza\u00e7\u00f5es em marketing de m\u00eddia social e fornecer dicas pr\u00e1ticas que eles possam aplicar imediatamente em suas estrat\u00e9gias digitais.<\/p>\n\n\n\n<p><strong>Capacita\u00e7\u00e3o:<\/strong> Oferecer ferramentas e recursos para ajudar nossos leitores a tomar decis\u00f5es informadas sobre suas atividades de m\u00eddia social, incluindo considera\u00e7\u00f5es \u00e9ticas e pr\u00e1ticas recomendadas sobre a compra de visualiza\u00e7\u00f5es, curtidas e seguidores.<\/p>\n\n\n\n<p>Na SocialsGrade, temos o compromisso de ajud\u00e1-lo a navegar no complexo mundo da m\u00eddia social com facilidade e confian\u00e7a. Junte-se a n\u00f3s nessa jornada para transformar sua presen\u00e7a on-line e atingir suas metas de marketing digital.<\/p>\n","protected":false},"excerpt":{"rendered":"<p>Jonas Leal Esp\u00edndola: Estrategista de m\u00eddia social Ol\u00e1! Sou Jonas Leal Esp\u00edndola, um estrategista de m\u00eddia social com mais de seis anos de experi\u00eancia em marketing de m\u00eddia social. Minha paix\u00e3o est\u00e1 na elabora\u00e7\u00e3o de campanhas envolventes e na condu\u00e7\u00e3o de hist\u00f3rias de marcas no mundo digital. Com um olhar atento \u00e0s tend\u00eancias e \u00e0 [&hellip;]<\/p>\n","protected":false},"author":6,"featured_media":0,"parent":0,"menu_order":0,"comment_status":"closed","ping_status":"closed","template":"","meta":{"footnotes":""},"acf":[],"yoast_head":"<!-- This site is optimized with the Yoast SEO plugin v21.0 - https:\/\/yoast.com\/wordpress\/plugins\/seo\/ -->\n<title>Sobre n\u00f3s - SocialsGrade<\/title>\n<meta name=\"description\" content=\"Domine a promo\u00e7\u00e3o de m\u00eddia social com o SocialsGrade: oferece dicas, estrat\u00e9gias e avalia\u00e7\u00f5es de servi\u00e7os imparciais. Melhore sua presen\u00e7a on-line com os melhores especialistas digitais do Brasil.\" \/>\n<meta name=\"robots\" content=\"index, follow, max-snippet:-1, max-image-preview:large, max-video-preview:-1\" \/>\n<link rel=\"canonical\" href=\"https:\/\/socialsgrade.com\/br\/sobre-nos\/\" \/>\n<meta property=\"og:locale\" content=\"pt_BR\" \/>\n<meta property=\"og:type\" content=\"article\" \/>\n<meta property=\"og:title\" content=\"Sobre n\u00f3s - SocialsGrade\" \/>\n<meta property=\"og:description\" content=\"Domine a promo\u00e7\u00e3o de m\u00eddia social com o SocialsGrade: oferece dicas, estrat\u00e9gias e avalia\u00e7\u00f5es de servi\u00e7os imparciais. Melhore sua presen\u00e7a on-line com os melhores especialistas digitais do Brasil.\" \/>\n<meta property=\"og:url\" content=\"https:\/\/socialsgrade.com\/br\/sobre-nos\/\" \/>\n<meta property=\"og:site_name\" content=\"SocialsGrade\" \/>\n<meta property=\"article:modified_time\" content=\"2023-12-14T11:00:27+00:00\" \/>\n<meta property=\"og:image\" content=\"https:\/\/socialsgrade.com\/br\/wp-content\/uploads\/2023\/11\/Jonas-Leal-Espindola-1024x983.jpg\" \/>\n<meta name=\"twitter:card\" content=\"summary_large_image\" \/>\n<meta name=\"twitter:label1\" content=\"Est. reading time\" \/>\n\t<meta name=\"twitter:data1\" content=\"3 minutos\" \/>\n<script type=\"application\/ld+json\" class=\"yoast-schema-graph\">{\"@context\":\"https:\/\/schema.org\",\"@graph\":[{\"@type\":\"WebPage\",\"@id\":\"https:\/\/socialsgrade.com\/br\/sobre-nos\/\",\"url\":\"https:\/\/socialsgrade.com\/br\/sobre-nos\/\",\"name\":\"Sobre n\u00f3s - SocialsGrade\",\"isPartOf\":{\"@id\":\"https:\/\/socialsgrade.com\/br\/#website\"},\"datePublished\":\"2023-10-18T09:40:30+00:00\",\"dateModified\":\"2023-12-14T11:00:27+00:00\",\"description\":\"Domine a promo\u00e7\u00e3o de m\u00eddia social com o SocialsGrade: oferece dicas, estrat\u00e9gias e avalia\u00e7\u00f5es de servi\u00e7os imparciais. Melhore sua presen\u00e7a on-line com os melhores especialistas digitais do Brasil.\",\"breadcrumb\":{\"@id\":\"https:\/\/socialsgrade.com\/br\/sobre-nos\/#breadcrumb\"},\"inLanguage\":\"pt-BR\",\"potentialAction\":[{\"@type\":\"ReadAction\",\"target\":[\"https:\/\/socialsgrade.com\/br\/sobre-nos\/\"]}]},{\"@type\":\"BreadcrumbList\",\"@id\":\"https:\/\/socialsgrade.com\/br\/sobre-nos\/#breadcrumb\",\"itemListElement\":[{\"@type\":\"ListItem\",\"position\":1,\"name\":\"Home\",\"item\":\"https:\/\/socialsgrade.com\/br\/\"},{\"@type\":\"ListItem\",\"position\":2,\"name\":\"Sobre n\u00f3s\"}]},{\"@type\":\"WebSite\",\"@id\":\"https:\/\/socialsgrade.com\/br\/#website\",\"url\":\"https:\/\/socialsgrade.com\/br\/\",\"name\":\"SocialsGrade\",\"description\":\"\",\"publisher\":{\"@id\":\"https:\/\/socialsgrade.com\/br\/#organization\"},\"potentialAction\":[{\"@type\":\"SearchAction\",\"target\":{\"@type\":\"EntryPoint\",\"urlTemplate\":\"https:\/\/socialsgrade.com\/br\/?s={search_term_string}\"},\"query-input\":\"required name=search_term_string\"}],\"inLanguage\":\"pt-BR\"},{\"@type\":\"Organization\",\"@id\":\"https:\/\/socialsgrade.com\/br\/#organization\",\"name\":\"SocialsGrade\",\"url\":\"https:\/\/socialsgrade.com\/br\/\",\"logo\":{\"@type\":\"ImageObject\",\"inLanguage\":\"pt-BR\",\"@id\":\"https:\/\/socialsgrade.com\/br\/#\/schema\/logo\/image\/\",\"url\":\"https:\/\/socialsgrade.com\/br\/wp-content\/uploads\/2023\/09\/2023-09-04-16.00.54.png\",\"contentUrl\":\"https:\/\/socialsgrade.com\/br\/wp-content\/uploads\/2023\/09\/2023-09-04-16.00.54.png\",\"width\":1000,\"height\":237,\"caption\":\"SocialsGrade\"},\"image\":{\"@id\":\"https:\/\/socialsgrade.com\/br\/#\/schema\/logo\/image\/\"}}]}<\/script>\n<!-- \/ Yoast SEO plugin. -->","yoast_head_json":{"title":"Sobre n\u00f3s - SocialsGrade","description":"Domine a promo\u00e7\u00e3o de m\u00eddia social com o SocialsGrade: oferece dicas, estrat\u00e9gias e avalia\u00e7\u00f5es de servi\u00e7os imparciais. Melhore sua presen\u00e7a on-line com os melhores especialistas digitais do Brasil.","robots":{"index":"index","follow":"follow","max-snippet":"max-snippet:-1","max-image-preview":"max-image-preview:large","max-video-preview":"max-video-preview:-1"},"canonical":"https:\/\/socialsgrade.com\/br\/sobre-nos\/","og_locale":"pt_BR","og_type":"article","og_title":"Sobre n\u00f3s - SocialsGrade","og_description":"Domine a promo\u00e7\u00e3o de m\u00eddia social com o SocialsGrade: oferece dicas, estrat\u00e9gias e avalia\u00e7\u00f5es de servi\u00e7os imparciais. Melhore sua presen\u00e7a on-line com os melhores especialistas digitais do Brasil.","og_url":"https:\/\/socialsgrade.com\/br\/sobre-nos\/","og_site_name":"SocialsGrade","article_modified_time":"2023-12-14T11:00:27+00:00","og_image":[{"url":"https:\/\/socialsgrade.com\/br\/wp-content\/uploads\/2023\/11\/Jonas-Leal-Espindola-1024x983.jpg"}],"twitter_card":"summary_large_image","twitter_misc":{"Est. reading time":"3 minutos"},"schema":{"@context":"https:\/\/schema.org","@graph":[{"@type":"WebPage","@id":"https:\/\/socialsgrade.com\/br\/sobre-nos\/","url":"https:\/\/socialsgrade.com\/br\/sobre-nos\/","name":"Sobre n\u00f3s - SocialsGrade","isPartOf":{"@id":"https:\/\/socialsgrade.com\/br\/#website"},"datePublished":"2023-10-18T09:40:30+00:00","dateModified":"2023-12-14T11:00:27+00:00","description":"Domine a promo\u00e7\u00e3o de m\u00eddia social com o SocialsGrade: oferece dicas, estrat\u00e9gias e avalia\u00e7\u00f5es de servi\u00e7os imparciais. Melhore sua presen\u00e7a on-line com os melhores especialistas digitais do Brasil.","breadcrumb":{"@id":"https:\/\/socialsgrade.com\/br\/sobre-nos\/#breadcrumb"},"inLanguage":"pt-BR","potentialAction":[{"@type":"ReadAction","target":["https:\/\/socialsgrade.com\/br\/sobre-nos\/"]}]},{"@type":"BreadcrumbList","@id":"https:\/\/socialsgrade.com\/br\/sobre-nos\/#breadcrumb","itemListElement":[{"@type":"ListItem","position":1,"name":"Home","item":"https:\/\/socialsgrade.com\/br\/"},{"@type":"ListItem","position":2,"name":"Sobre n\u00f3s"}]},{"@type":"WebSite","@id":"https:\/\/socialsgrade.com\/br\/#website","url":"https:\/\/socialsgrade.com\/br\/","name":"SocialsGrade","description":"","publisher":{"@id":"https:\/\/socialsgrade.com\/br\/#organization"},"potentialAction":[{"@type":"SearchAction","target":{"@type":"EntryPoint","urlTemplate":"https:\/\/socialsgrade.com\/br\/?s={search_term_string}"},"query-input":"required name=search_term_string"}],"inLanguage":"pt-BR"},{"@type":"Organization","@id":"https:\/\/socialsgrade.com\/br\/#organization","name":"SocialsGrade","url":"https:\/\/socialsgrade.com\/br\/","logo":{"@type":"ImageObject","inLanguage":"pt-BR","@id":"https:\/\/socialsgrade.com\/br\/#\/schema\/logo\/image\/","url":"https:\/\/socialsgrade.com\/br\/wp-content\/uploads\/2023\/09\/2023-09-04-16.00.54.png","contentUrl":"https:\/\/socialsgrade.com\/br\/wp-content\/uploads\/2023\/09\/2023-09-04-16.00.54.png","width":1000,"height":237,"caption":"SocialsGrade"},"image":{"@id":"https:\/\/socialsgrade.com\/br\/#\/schema\/logo\/image\/"}}]}},"_links":{"self":[{"href":"https:\/\/socialsgrade.com\/br\/wp-json\/wp\/v2\/pages\/355"}],"collection":[{"href":"https:\/\/socialsgrade.com\/br\/wp-json\/wp\/v2\/pages"}],"about":[{"href":"https:\/\/socialsgrade.com\/br\/wp-json\/wp\/v2\/types\/page"}],"author":[{"embeddable":true,"href":"https:\/\/socialsgrade.com\/br\/wp-json\/wp\/v2\/users\/6"}],"replies":[{"embeddable":true,"href":"https:\/\/socialsgrade.com\/br\/wp-json\/wp\/v2\/comments?post=355"}],"version-history":[{"count":28,"href":"https:\/\/socialsgrade.com\/br\/wp-json\/wp\/v2\/pages\/355\/revisions"}],"predecessor-version":[{"id":630,"href":"https:\/\/socialsgrade.com\/br\/wp-json\/wp\/v2\/pages\/355\/revisions\/630"}],"wp:attachment":[{"href":"https:\/\/socialsgrade.com\/br\/wp-json\/wp\/v2\/media?parent=355"}],"curies":[{"name":"wp","href":"https:\/\/api.w.org\/{rel}","templated":true}]}}