{"id":2,"date":"2023-09-01T18:10:41","date_gmt":"2023-09-01T18:10:41","guid":{"rendered":"https:\/\/socialsgrade.com\/br\/?page_id=2"},"modified":"2023-11-23T12:34:43","modified_gmt":"2023-11-23T12:34:43","slug":"sample-page","status":"publish","type":"page","link":"https:\/\/socialsgrade.com\/br\/","title":{"rendered":"SocialsGrade"},"content":{"rendered":"","protected":false},"excerpt":{"rendered":"","protected":false},"author":1,"featured_media":0,"parent":0,"menu_order":0,"comment_status":"closed","ping_status":"open","template":"","meta":{"footnotes":""},"acf":[],"yoast_head":"<!-- This site is optimized with the Yoast SEO plugin v21.0 - https:\/\/yoast.com\/wordpress\/plugins\/seo\/ -->\n<title>SocialsGrade - Um blog sobre promo\u00e7\u00e3o em M\u00eddias Sociais<\/title>\n<meta name=\"description\" content=\"Blog de dom\u00ednio da m\u00eddia social: Dicas de especialistas para Instagram \ud83d\udcf8, TikTok \ud83d\udc83, YouTube \ud83c\udfa5 e Facebook \ud83d\udc4d. Eleve sua presen\u00e7a on-line com nossas \u00faltimas tend\u00eancias e estrat\u00e9gias!\" \/>\n<meta name=\"robots\" content=\"index, follow, max-snippet:-1, max-image-preview:large, max-video-preview:-1\" \/>\n<link rel=\"canonical\" href=\"https:\/\/socialsgrade.com\/br\/\" \/>\n<meta property=\"og:locale\" content=\"pt_BR\" \/>\n<meta property=\"og:type\" content=\"article\" \/>\n<meta property=\"og:title\" content=\"SocialsGrade - Um blog sobre promo\u00e7\u00e3o em M\u00eddias Sociais\" \/>\n<meta property=\"og:description\" content=\"Blog de dom\u00ednio da m\u00eddia social: Dicas de especialistas para Instagram \ud83d\udcf8, TikTok \ud83d\udc83, YouTube \ud83c\udfa5 e Facebook \ud83d\udc4d. Eleve sua presen\u00e7a on-line com nossas \u00faltimas tend\u00eancias e estrat\u00e9gias!\" \/>\n<meta property=\"og:url\" content=\"https:\/\/socialsgrade.com\/br\/\" \/>\n<meta property=\"og:site_name\" content=\"SocialsGrade\" \/>\n<meta property=\"article:modified_time\" content=\"2023-11-23T12:34:43+00:00\" \/>\n<meta name=\"twitter:card\" content=\"summary_large_image\" \/>\n<script type=\"application\/ld+json\" class=\"yoast-schema-graph\">{\"@context\":\"https:\/\/schema.org\",\"@graph\":[{\"@type\":\"WebPage\",\"@id\":\"https:\/\/socialsgrade.com\/br\/\",\"url\":\"https:\/\/socialsgrade.com\/br\/\",\"name\":\"SocialsGrade - Um blog sobre promo\u00e7\u00e3o em M\u00eddias Sociais\",\"isPartOf\":{\"@id\":\"https:\/\/socialsgrade.com\/br\/#website\"},\"datePublished\":\"2023-09-01T18:10:41+00:00\",\"dateModified\":\"2023-11-23T12:34:43+00:00\",\"description\":\"Blog de dom\u00ednio da m\u00eddia social: Dicas de especialistas para Instagram \ud83d\udcf8, TikTok \ud83d\udc83, YouTube \ud83c\udfa5 e Facebook \ud83d\udc4d. Eleve sua presen\u00e7a on-line com nossas \u00faltimas tend\u00eancias e estrat\u00e9gias!\",\"breadcrumb\":{\"@id\":\"https:\/\/socialsgrade.com\/br\/#breadcrumb\"},\"inLanguage\":\"pt-BR\",\"potentialAction\":[{\"@type\":\"ReadAction\",\"target\":[\"https:\/\/socialsgrade.com\/br\/\"]}]},{\"@type\":\"BreadcrumbList\",\"@id\":\"https:\/\/socialsgrade.com\/br\/#breadcrumb\",\"itemListElement\":[{\"@type\":\"ListItem\",\"position\":1,\"name\":\"Home\",\"item\":\"https:\/\/socialsgrade.com\/br\/\"},{\"@type\":\"ListItem\",\"position\":2,\"name\":\"SocialsGrade\"}]},{\"@type\":\"WebSite\",\"@id\":\"https:\/\/socialsgrade.com\/br\/#website\",\"url\":\"https:\/\/socialsgrade.com\/br\/\",\"name\":\"SocialsGrade\",\"description\":\"\",\"publisher\":{\"@id\":\"https:\/\/socialsgrade.com\/br\/#organization\"},\"potentialAction\":[{\"@type\":\"SearchAction\",\"target\":{\"@type\":\"EntryPoint\",\"urlTemplate\":\"https:\/\/socialsgrade.com\/br\/?s={search_term_string}\"},\"query-input\":\"required name=search_term_string\"}],\"inLanguage\":\"pt-BR\"},{\"@type\":\"Organization\",\"@id\":\"https:\/\/socialsgrade.com\/br\/#organization\",\"name\":\"SocialsGrade\",\"url\":\"https:\/\/socialsgrade.com\/br\/\",\"logo\":{\"@type\":\"ImageObject\",\"inLanguage\":\"pt-BR\",\"@id\":\"https:\/\/socialsgrade.com\/br\/#\/schema\/logo\/image\/\",\"url\":\"https:\/\/socialsgrade.com\/br\/wp-content\/uploads\/2023\/09\/2023-09-04-16.00.54.png\",\"contentUrl\":\"https:\/\/socialsgrade.com\/br\/wp-content\/uploads\/2023\/09\/2023-09-04-16.00.54.png\",\"width\":1000,\"height\":237,\"caption\":\"SocialsGrade\"},\"image\":{\"@id\":\"https:\/\/socialsgrade.com\/br\/#\/schema\/logo\/image\/\"}}]}<\/script>\n<!-- \/ Yoast SEO plugin. -->","yoast_head_json":{"title":"SocialsGrade - Um blog sobre promo\u00e7\u00e3o em M\u00eddias Sociais","description":"Blog de dom\u00ednio da m\u00eddia social: Dicas de especialistas para Instagram \ud83d\udcf8, TikTok \ud83d\udc83, YouTube \ud83c\udfa5 e Facebook \ud83d\udc4d. Eleve sua presen\u00e7a on-line com nossas \u00faltimas tend\u00eancias e estrat\u00e9gias!","robots":{"index":"index","follow":"follow","max-snippet":"max-snippet:-1","max-image-preview":"max-image-preview:large","max-video-preview":"max-video-preview:-1"},"canonical":"https:\/\/socialsgrade.com\/br\/","og_locale":"pt_BR","og_type":"article","og_title":"SocialsGrade - Um blog sobre promo\u00e7\u00e3o em M\u00eddias Sociais","og_description":"Blog de dom\u00ednio da m\u00eddia social: Dicas de especialistas para Instagram \ud83d\udcf8, TikTok \ud83d\udc83, YouTube \ud83c\udfa5 e Facebook \ud83d\udc4d. Eleve sua presen\u00e7a on-line com nossas \u00faltimas tend\u00eancias e estrat\u00e9gias!","og_url":"https:\/\/socialsgrade.com\/br\/","og_site_name":"SocialsGrade","article_modified_time":"2023-11-23T12:34:43+00:00","twitter_card":"summary_large_image","schema":{"@context":"https:\/\/schema.org","@graph":[{"@type":"WebPage","@id":"https:\/\/socialsgrade.com\/br\/","url":"https:\/\/socialsgrade.com\/br\/","name":"SocialsGrade - Um blog sobre promo\u00e7\u00e3o em M\u00eddias Sociais","isPartOf":{"@id":"https:\/\/socialsgrade.com\/br\/#website"},"datePublished":"2023-09-01T18:10:41+00:00","dateModified":"2023-11-23T12:34:43+00:00","description":"Blog de dom\u00ednio da m\u00eddia social: Dicas de especialistas para Instagram \ud83d\udcf8, TikTok \ud83d\udc83, YouTube \ud83c\udfa5 e Facebook \ud83d\udc4d. Eleve sua presen\u00e7a on-line com nossas \u00faltimas tend\u00eancias e estrat\u00e9gias!","breadcrumb":{"@id":"https:\/\/socialsgrade.com\/br\/#breadcrumb"},"inLanguage":"pt-BR","potentialAction":[{"@type":"ReadAction","target":["https:\/\/socialsgrade.com\/br\/"]}]},{"@type":"BreadcrumbList","@id":"https:\/\/socialsgrade.com\/br\/#breadcrumb","itemListElement":[{"@type":"ListItem","position":1,"name":"Home","item":"https:\/\/socialsgrade.com\/br\/"},{"@type":"ListItem","position":2,"name":"SocialsGrade"}]},{"@type":"WebSite","@id":"https:\/\/socialsgrade.com\/br\/#website","url":"https:\/\/socialsgrade.com\/br\/","name":"SocialsGrade","description":"","publisher":{"@id":"https:\/\/socialsgrade.com\/br\/#organization"},"potentialAction":[{"@type":"SearchAction","target":{"@type":"EntryPoint","urlTemplate":"https:\/\/socialsgrade.com\/br\/?s={search_term_string}"},"query-input":"required name=search_term_string"}],"inLanguage":"pt-BR"},{"@type":"Organization","@id":"https:\/\/socialsgrade.com\/br\/#organization","name":"SocialsGrade","url":"https:\/\/socialsgrade.com\/br\/","logo":{"@type":"ImageObject","inLanguage":"pt-BR","@id":"https:\/\/socialsgrade.com\/br\/#\/schema\/logo\/image\/","url":"https:\/\/socialsgrade.com\/br\/wp-content\/uploads\/2023\/09\/2023-09-04-16.00.54.png","contentUrl":"https:\/\/socialsgrade.com\/br\/wp-content\/uploads\/2023\/09\/2023-09-04-16.00.54.png","width":1000,"height":237,"caption":"SocialsGrade"},"image":{"@id":"https:\/\/socialsgrade.com\/br\/#\/schema\/logo\/image\/"}}]}},"_links":{"self":[{"href":"https:\/\/socialsgrade.com\/br\/wp-json\/wp\/v2\/pages\/2"}],"collection":[{"href":"https:\/\/socialsgrade.com\/br\/wp-json\/wp\/v2\/pages"}],"about":[{"href":"https:\/\/socialsgrade.com\/br\/wp-json\/wp\/v2\/types\/page"}],"author":[{"embeddable":true,"href":"https:\/\/socialsgrade.com\/br\/wp-json\/wp\/v2\/users\/1"}],"replies":[{"embeddable":true,"href":"https:\/\/socialsgrade.com\/br\/wp-json\/wp\/v2\/comments?post=2"}],"version-history":[{"count":10,"href":"https:\/\/socialsgrade.com\/br\/wp-json\/wp\/v2\/pages\/2\/revisions"}],"predecessor-version":[{"id":631,"href":"https:\/\/socialsgrade.com\/br\/wp-json\/wp\/v2\/pages\/2\/revisions\/631"}],"wp:attachment":[{"href":"https:\/\/socialsgrade.com\/br\/wp-json\/wp\/v2\/media?parent=2"}],"curies":[{"name":"wp","href":"https:\/\/api.w.org\/{rel}","templated":true}]}}